{"id":1795,"date":"2024-04-12T12:15:29","date_gmt":"2024-04-12T10:15:29","guid":{"rendered":"https:\/\/competo-cp.de\/capital-for-development\/"},"modified":"2025-10-17T10:12:55","modified_gmt":"2025-10-17T08:12:55","slug":"capital-for-development","status":"publish","type":"page","link":"https:\/\/competo-cp.de\/en\/capital-for-development\/","title":{"rendered":"Project development capital"},"content":{"rendered":"<div class=\"wpb-content-wrapper\"><p>[vc_row section_type=&#8221;fullwidth&#8221; height_ratio=&#8221;70&#8243; padding_top_multiplier=&#8221;&#8221; padding_bottom_multiplier=&#8221;&#8221; rc_heading_color=&#8221;white&#8221; columns_gap=&#8221;30&#8243; section_id=&#8221;unternehmen&#8221;][vc_column vertical_content_position=&#8221;bottom&#8221; full_height=&#8221;yes&#8221; rc_bg_type=&#8221;image&#8221; rc_bg_image=&#8221;165&#8243; rc_bg_color_overlay=&#8221;black&#8221; rc_bg_opacity_overlay=&#8221;20&#8243; grve_css=&#8221;{&#8220;desktop&#8220;:{&#8220;padding-right&#8220;:&#8220;30px&#8220;,&#8220;padding-bottom&#8220;:&#8220;30px&#8220;,&#8220;padding-left&#8220;:&#8220;30px&#8220;,&#8220;class&#8220;:&#8220;grve-wpb-1713782068511&#8220;},&#8220;mobile_landscape&#8220;:{&#8220;padding-right&#8220;:&#8220;15px&#8220;,&#8220;padding-left&#8220;:&#8220;15px&#8220;}}&#8221;]<h1 class=\"grve-element grve-title grve-align-inherit grve-h1 competo-headline primary-1\"><span>Project development capital<\/span><\/h1>[\/vc_column][\/vc_row][vc_section][vc_row section_type=&#8221;fullwidth&#8221; padding_top_multiplier=&#8221;3x&#8221; padding_bottom_multiplier=&#8221;3x&#8221; columns_gap=&#8221;60&#8243; scroll_section_title=&#8221;Project development capital&#8221;][vc_column width=&#8221;1\/2&#8243; content_width=&#8221;80&#8243; mobile_content_width=&#8221;100&#8243;]<h5 class=\"grve-element grve-title grve-align-inherit grve-h5\"><span>Competo Capital Partners supports promising real estate projects throughout Germany, providing both equity and mezzanine capital. We drive financial growth in the office, residential, retail, logistics, and hospitality sectors. Unlike short-term engagements, we commit to long-term partnerships with developers, supporting them across multiple years and projects. Our primary goal is to ensure your success!<\/span><\/h5>[\/vc_column][vc_column width=&#8221;1\/2&#8243;][vc_column_text css=&#8221;&#8221;]With a total investment volume of over 2 billion euros, we are involved in an average of approximately 20 to 25 ongoing project developments. Since our founding in 2007, we have partnered in over 50 property developments, providing both equity and mezzanine capital. We aim to continue and expand this successful track record. Some of the investors with whom we have maintained successful partnerships include: Hauck Aufh\u00e4user Lampe Privatbank AG, K\u00f6rber-Stiftung, solvia Verm\u00f6gensverwaltung GmbH, Priam Beteiligungs GmbH, Vorwerk Co KG, Joachim Herz Stiftung, Devario Invest GmbH, Beisheim Capital GmbH, Hertie-Stiftung.[\/vc_column_text][\/vc_column][\/vc_row][\/vc_section][vc_row section_type=&#8221;fullwidth&#8221; padding_top_multiplier=&#8221;3x&#8221; rc_heading_color=&#8221;white&#8221; rc_bg_type=&#8221;color&#8221; columns_gap=&#8221;60&#8243; scroll_header_skin=&#8221;light&#8221; scroll_section_title=&#8221;Equity&#8221; rc_font_color=&#8221;#ffffff&#8221; rc_bg_color=&#8221;#6d6e5e&#8221; section_id=&#8221;eigenkapital&#8221;][vc_column width=&#8221;1\/2&#8243; content_width=&#8221;80&#8243; mobile_content_width=&#8221;100&#8243; mobile_column_order=&#8221;1&#8243;]<h3 class=\"grve-element grve-title grve-align-inherit grve-h3\"><span>Equity<\/span><\/h3>[vc_column_text css=&#8221;&#8221; text_style=&#8221;leader-text&#8221;]Through joint ventures, Competo partners with project developers to provide capital for developments in the office, residential, retail, logistics, and hotel sectors.[\/vc_column_text][\/vc_column][vc_column width=&#8221;1\/2&#8243;][vc_column_text css=&#8221;&#8221;]Our risk profile allows us to step in even when conventional requirements, such as building rights or pre-letting, are not yet fully in place. These can be established together as the process unfolds \u2013 a clear added value for our project partners.<\/p>\n<p>Our participation terms are flexible and tailored individually to each project. Instead of rigid, standardized models, we evaluate every investment based on its specific risk profile.<\/p>\n<p>In addition, we guarantee swift decisions:<\/p>\n<ul>\n<li>An initial assessment within just one week<\/li>\n<li>A binding commitment within 14 days<\/li>\n<\/ul>\n<p>As an experienced capital partner, we know that speed is a decisive success factor in project development.[\/vc_column_text]<div class=\"grve-empty-space grve-height-1x\"><\/div><div class=\"grve-element grve-align-inherit\"><a href=\"https:\/\/competo-cp.de\/en\/capital-for-development\/equity\/\" title=\"Equity\" class=\"grve-btn-text grve-btn-line grve-line-left grve-text-white grve-text-hover-white grve-btn-medium\">\r\n\t\t<div class=\"grve-btn-inner\">\r\n\t\t<span>Learn more<\/span>\r\n\t\t\t<span class=\"grve-line grve-bg-white\"><\/span>\r\n\t\t\t\t\t\t\t<\/div>\r\n\t<\/a><\/div>[\/vc_column][\/vc_row][vc_row section_type=&#8221;fullwidth&#8221; padding_bottom_multiplier=&#8221;3x&#8221; rc_heading_color=&#8221;white&#8221; rc_bg_type=&#8221;color&#8221; scroll_header_skin=&#8221;light&#8221; rc_font_color=&#8221;#ffffff&#8221; rc_bg_color=&#8221;#6d6e5e&#8221; section_id=&#8221;eigenkapital&#8221;][vc_column width=&#8221;1\/3&#8243; content_width=&#8221;50&#8243; horizontal_content_position=&#8221;right&#8221; vertical_content_position=&#8221;bottom&#8221; mobile_column_order=&#8221;1&#8243; grve_css=&#8221;{&#8220;desktop&#8220;:{&#8220;padding-right&#8220;:&#8220;30px&#8220;,&#8220;padding-left&#8220;:&#8220;30px&#8220;,&#8220;class&#8220;:&#8220;grve-wpb-1760346915751&#8220;},&#8220;mobile_landscape&#8220;:{&#8220;padding-right&#8220;:&#8220;15px&#8220;,&#8220;padding-left&#8220;:&#8220;15px&#8220;}}&#8221;]<div class=\"grve-element grve-divider\" style=\"padding-top: 6px;padding-bottom: 6px;\"><span class=\"grve-custom-divider grve-bg-white grve-align-inherit\" style=\"width: 100%;height: 1px;\"><\/span><\/div>[vc_column_text css=&#8221;&#8221; text_style=&#8221;small-text&#8221;]An experienced capital partner that recognizes opportunities and brings projects to life.[\/vc_column_text]<div class=\"grve-element grve-divider\" style=\"padding-top: 6px;\"><span class=\"grve-custom-divider grve-bg-white grve-align-inherit\" style=\"width: 100%;height: 1px;\"><\/span><\/div>[\/vc_column][vc_column width=&#8221;2\/3&#8243;]<div class=\"grve-element grve-image grve-align-center grve-image-space-100 grve-image-expand-width\">\r\n\t<div class=\"grve-image-item\">\r\n\t\t\r\n\r\n<div class=\"grve-image-wrapper grve-no-effect\">\r\n\t\t<div class=\"grve-thumbnail-wrapper\"><div class=\"grve-thumbnail\"  style=\"padding-top: 62.5%;\"><img loading=\"lazy\" decoding=\"async\" width=\"2000\" height=\"1250\" src=\"https:\/\/competo-cp.de\/wp-content\/uploads\/2025\/10\/BSF_BA_Street_Sunny_New_001-kapital-page.jpg\" class=\"attachment-full size-full\" alt=\"\" data-column-space=\"100\" data-lazyload=\"\" data-grve-filter=\"yes\" srcset=\"https:\/\/competo-cp.de\/wp-content\/uploads\/2025\/10\/BSF_BA_Street_Sunny_New_001-kapital-page.jpg 2000w, https:\/\/competo-cp.de\/wp-content\/uploads\/2025\/10\/BSF_BA_Street_Sunny_New_001-kapital-page-300x188.jpg 300w, https:\/\/competo-cp.de\/wp-content\/uploads\/2025\/10\/BSF_BA_Street_Sunny_New_001-kapital-page-1024x640.jpg 1024w, https:\/\/competo-cp.de\/wp-content\/uploads\/2025\/10\/BSF_BA_Street_Sunny_New_001-kapital-page-768x480.jpg 768w, https:\/\/competo-cp.de\/wp-content\/uploads\/2025\/10\/BSF_BA_Street_Sunny_New_001-kapital-page-1536x960.jpg 1536w, https:\/\/competo-cp.de\/wp-content\/uploads\/2025\/10\/BSF_BA_Street_Sunny_New_001-kapital-page-1920x1200.jpg 1920w\" sizes=\"auto, (max-width: 2000px) 100vw, 2000px\" \/><\/div><\/div>\t<\/div>\r\n\t<\/div>\r\n<\/div>\r\n[\/vc_column][\/vc_row][vc_row section_type=&#8221;fullwidth&#8221; padding_top_multiplier=&#8221;3x&#8221; columns_gap=&#8221;60&#8243; scroll_section_title=&#8221;Mezzanine capital&#8221; section_id=&#8221;mezzanine-kapital&#8221;][vc_column width=&#8221;1\/2&#8243; content_width=&#8221;80&#8243; mobile_content_width=&#8221;100&#8243;]<h3 class=\"grve-element grve-title grve-align-inherit grve-h3\"><span>Mezzanine capital<\/span><\/h3>[vc_column_text css=&#8221;&#8221; text_style=&#8221;leader-text&#8221;]For project developments with a low risk profile, Competo provides mezzanine capital as a flexible financing bridge between bank loans and equity.[\/vc_column_text][\/vc_column][vc_column width=&#8221;1\/2&#8243;][vc_column_text css=&#8221;&#8221;]Mezzanine capital is applied across residential, office, retail, logistics, and hotel projects, with maturities of one to three years and a fixed interest rate without profit participation. A prerequisite for financing is that key factors such as building rights and pre-letting are already in place at the time of funding.<\/p>\n<p>Speed is the key to success, which is why after the initial request we provide:<\/p>\n<ul>\n<li>A preliminary assessment within one week<\/li>\n<li>A binding decision in just 14 days<\/li>\n<\/ul>\n<p>Our mezzanine capital is invested both in project developments in which Competo participates with equity and in projects where the developer provides the equity independently.[\/vc_column_text]<div class=\"grve-empty-space grve-height-1x\"><\/div><div class=\"grve-element grve-align-inherit\"><a href=\"https:\/\/competo-cp.de\/en\/capital-for-development\/mezzanine-capital\/\" title=\"Mezzanine-Kapital\" class=\"grve-btn-text grve-btn-line grve-line-left grve-text-black grve-text-hover-black grve-btn-medium\">\r\n\t\t<div class=\"grve-btn-inner\">\r\n\t\t<span>Learn more<\/span>\r\n\t\t\t<span class=\"grve-line grve-bg-primary-1\"><\/span>\r\n\t\t\t\t\t\t\t<\/div>\r\n\t<\/a><\/div>[\/vc_column][\/vc_row][vc_row section_type=&#8221;fullwidth&#8221; padding_bottom_multiplier=&#8221;3x&#8221; section_id=&#8221;eigenkapital&#8221;][vc_column width=&#8221;1\/3&#8243; content_width=&#8221;50&#8243; horizontal_content_position=&#8221;right&#8221; vertical_content_position=&#8221;bottom&#8221; mobile_column_order=&#8221;1&#8243; grve_css=&#8221;{&#8220;desktop&#8220;:{&#8220;padding-right&#8220;:&#8220;30px&#8220;,&#8220;padding-left&#8220;:&#8220;30px&#8220;,&#8220;class&#8220;:&#8220;grve-wpb-1760347797432&#8220;},&#8220;mobile_landscape&#8220;:{&#8220;padding-right&#8220;:&#8220;15px&#8220;,&#8220;padding-left&#8220;:&#8220;15px&#8220;}}&#8221;]<div class=\"grve-element grve-divider\" style=\"padding-top: 6px;padding-bottom: 6px;\"><span class=\"grve-custom-divider grve-bg-primary-1 grve-align-inherit\" style=\"width: 100%;height: 1px;\"><\/span><\/div>[vc_column_text css=&#8221;&#8221; text_style=&#8221;small-text&#8221;]Empowering projects through mezzanine capital that creates room to grow.[\/vc_column_text]<div class=\"grve-element grve-divider\" style=\"padding-top: 6px;\"><span class=\"grve-custom-divider grve-bg-primary-1 grve-align-inherit\" style=\"width: 100%;height: 1px;\"><\/span><\/div>[\/vc_column][vc_column width=&#8221;2\/3&#8243;]<div class=\"grve-element grve-image grve-align-center\">\r\n\t<div class=\"grve-image-item\">\r\n\t\t\r\n\r\n<div class=\"grve-image-wrapper grve-no-effect\">\r\n\t\t<div class=\"grve-thumbnail-wrapper\"  style=\"width: 2000px;\"><div class=\"grve-thumbnail\"  style=\"padding-top: 66.65%;\"><img loading=\"lazy\" decoding=\"async\" width=\"2000\" height=\"1333\" src=\"https:\/\/competo-cp.de\/wp-content\/uploads\/2024\/06\/1404-01-PAN-e-04_suedfassade_R04_v2\u00a9Pandion-small.jpg\" class=\"attachment-full size-full\" alt=\"\" data-column-space=\"auto\" data-lazyload=\"\" data-grve-filter=\"yes\" srcset=\"https:\/\/competo-cp.de\/wp-content\/uploads\/2024\/06\/1404-01-PAN-e-04_suedfassade_R04_v2\u00a9Pandion-small.jpg 2000w, https:\/\/competo-cp.de\/wp-content\/uploads\/2024\/06\/1404-01-PAN-e-04_suedfassade_R04_v2\u00a9Pandion-small-300x200.jpg 300w, https:\/\/competo-cp.de\/wp-content\/uploads\/2024\/06\/1404-01-PAN-e-04_suedfassade_R04_v2\u00a9Pandion-small-1024x682.jpg 1024w, https:\/\/competo-cp.de\/wp-content\/uploads\/2024\/06\/1404-01-PAN-e-04_suedfassade_R04_v2\u00a9Pandion-small-768x512.jpg 768w, https:\/\/competo-cp.de\/wp-content\/uploads\/2024\/06\/1404-01-PAN-e-04_suedfassade_R04_v2\u00a9Pandion-small-1536x1024.jpg 1536w, https:\/\/competo-cp.de\/wp-content\/uploads\/2024\/06\/1404-01-PAN-e-04_suedfassade_R04_v2\u00a9Pandion-small-1920x1280.jpg 1920w\" sizes=\"auto, (max-width: 2000px) 100vw, 2000px\" \/><\/div><\/div>\t<\/div>\r\n\t<\/div>\r\n<\/div>\r\n[\/vc_column][\/vc_row]<\/p>\n<\/div>","protected":false},"excerpt":{"rendered":"<p>[vc_row section_type=&#8221;fullwidth&#8221; height_ratio=&#8221;70&#8243; padding_top_multiplier=&#8221;&#8221; padding_bottom_multiplier=&#8221;&#8221; rc_heading_color=&#8221;white&#8221; columns_gap=&#8221;30&#8243; section_id=&#8221;unternehmen&#8221;][vc_column vertical_content_position=&#8221;bottom&#8221; full_height=&#8221;yes&#8221; rc_bg_type=&#8221;image&#8221; rc_bg_image=&#8221;165&#8243; rc_bg_color_overlay=&#8221;black&#8221; rc_bg_opacity_overlay=&#8221;20&#8243; grve_css=&#8221;{&#8220;desktop&#8220;:{&#8220;padding-right&#8220;:&#8220;30px&#8220;,&#8220;padding-bottom&#8220;:&#8220;30px&#8220;,&#8220;padding-left&#8220;:&#8220;30px&#8220;,&#8220;class&#8220;:&#8220;grve-wpb-1713782068511&#8220;},&#8220;mobile_landscape&#8220;:{&#8220;padding-right&#8220;:&#8220;15px&#8220;,&#8220;padding-left&#8220;:&#8220;15px&#8220;}}&#8221;][\/vc_column][\/vc_row][vc_section][vc_row section_type=&#8221;fullwidth&#8221; padding_top_multiplier=&#8221;3x&#8221; padding_bottom_multiplier=&#8221;3x&#8221; columns_gap=&#8221;60&#8243; scroll_section_title=&#8221;Project development capital&#8221;][vc_column width=&#8221;1\/2&#8243; content_width=&#8221;80&#8243; mobile_content_width=&#8221;100&#8243;][\/vc_column][vc_column width=&#8221;1\/2&#8243;][vc_column_text css=&#8221;&#8221;]With a total investment volume of over 2 billion euros, we are involved in an average of approximately 20 to 25 ongoing project developments. Since our founding in 2007, [&hellip;]<\/p>\n","protected":false},"author":2,"featured_media":0,"parent":0,"menu_order":0,"comment_status":"closed","ping_status":"closed","template":"page-templates\/template-section-nav.php","meta":{"footnotes":""},"class_list":["post-1795","page","type-page","status-publish","hentry","grve-entry-item"],"yoast_head":"<!-- This site is optimized with the Yoast SEO plugin v26.9 - https:\/\/yoast.com\/product\/yoast-seo-wordpress\/ -->\n<title>Project development capital - Competo Capital Partners<\/title>\n<meta name=\"robots\" content=\"index, follow, max-snippet:-1, max-image-preview:large, max-video-preview:-1\" \/>\n<link rel=\"canonical\" href=\"https:\/\/competo-cp.de\/en\/capital-for-development\/\" \/>\n<meta property=\"og:locale\" content=\"en_US\" \/>\n<meta property=\"og:type\" content=\"article\" \/>\n<meta property=\"og:title\" content=\"Project development capital - Competo Capital Partners\" \/>\n<meta property=\"og:description\" content=\"[vc_row section_type=&#8221;fullwidth&#8221; height_ratio=&#8221;70&#8243; padding_top_multiplier=&#8221;&#8221; padding_bottom_multiplier=&#8221;&#8221; rc_heading_color=&#8221;white&#8221; columns_gap=&#8221;30&#8243; section_id=&#8221;unternehmen&#8221;][vc_column vertical_content_position=&#8221;bottom&#8221; full_height=&#8221;yes&#8221; rc_bg_type=&#8221;image&#8221; rc_bg_image=&#8221;165&#8243; rc_bg_color_overlay=&#8221;black&#8221; rc_bg_opacity_overlay=&#8221;20&#8243; grve_css=&#8221;{&#8220;desktop&#8220;:{&#8220;padding-right&#8220;:&#8220;30px&#8220;,&#8220;padding-bottom&#8220;:&#8220;30px&#8220;,&#8220;padding-left&#8220;:&#8220;30px&#8220;,&#8220;class&#8220;:&#8220;grve-wpb-1713782068511&#8220;},&#8220;mobile_landscape&#8220;:{&#8220;padding-right&#8220;:&#8220;15px&#8220;,&#8220;padding-left&#8220;:&#8220;15px&#8220;}}&#8221;][\/vc_column][\/vc_row][vc_section][vc_row section_type=&#8221;fullwidth&#8221; padding_top_multiplier=&#8221;3x&#8221; padding_bottom_multiplier=&#8221;3x&#8221; columns_gap=&#8221;60&#8243; scroll_section_title=&#8221;Project development capital&#8221;][vc_column width=&#8221;1\/2&#8243; content_width=&#8221;80&#8243; mobile_content_width=&#8221;100&#8243;][\/vc_column][vc_column width=&#8221;1\/2&#8243;][vc_column_text css=&#8221;&#8221;]With a total investment volume of over 2 billion euros, we are involved in an average of approximately 20 to 25 ongoing project developments. Since our founding in 2007, [&hellip;]\" \/>\n<meta property=\"og:url\" content=\"https:\/\/competo-cp.de\/en\/capital-for-development\/\" \/>\n<meta property=\"og:site_name\" content=\"Competo Capital Partners\" \/>\n<meta property=\"article:modified_time\" content=\"2025-10-17T08:12:55+00:00\" \/>\n<meta name=\"twitter:card\" content=\"summary_large_image\" \/>\n<meta name=\"twitter:label1\" content=\"Est. reading time\" \/>\n\t<meta name=\"twitter:data1\" content=\"3 minutes\" \/>\n<script type=\"application\/ld+json\" class=\"yoast-schema-graph\">{\"@context\":\"https:\/\/schema.org\",\"@graph\":[{\"@type\":\"WebPage\",\"@id\":\"https:\/\/competo-cp.de\/en\/capital-for-development\/\",\"url\":\"https:\/\/competo-cp.de\/en\/capital-for-development\/\",\"name\":\"Project development capital - Competo Capital Partners\",\"isPartOf\":{\"@id\":\"https:\/\/competo-cp.de\/#website\"},\"datePublished\":\"2024-04-12T10:15:29+00:00\",\"dateModified\":\"2025-10-17T08:12:55+00:00\",\"breadcrumb\":{\"@id\":\"https:\/\/competo-cp.de\/en\/capital-for-development\/#breadcrumb\"},\"inLanguage\":\"en-US\",\"potentialAction\":[{\"@type\":\"ReadAction\",\"target\":[\"https:\/\/competo-cp.de\/en\/capital-for-development\/\"]}]},{\"@type\":\"BreadcrumbList\",\"@id\":\"https:\/\/competo-cp.de\/en\/capital-for-development\/#breadcrumb\",\"itemListElement\":[{\"@type\":\"ListItem\",\"position\":1,\"name\":\"Home\",\"item\":\"https:\/\/competo-cp.de\/en\/\"},{\"@type\":\"ListItem\",\"position\":2,\"name\":\"Project development capital\"}]},{\"@type\":\"WebSite\",\"@id\":\"https:\/\/competo-cp.de\/#website\",\"url\":\"https:\/\/competo-cp.de\/\",\"name\":\"Competo Capital Partners\",\"description\":\"\",\"publisher\":{\"@id\":\"https:\/\/competo-cp.de\/#organization\"},\"potentialAction\":[{\"@type\":\"SearchAction\",\"target\":{\"@type\":\"EntryPoint\",\"urlTemplate\":\"https:\/\/competo-cp.de\/?s={search_term_string}\"},\"query-input\":{\"@type\":\"PropertyValueSpecification\",\"valueRequired\":true,\"valueName\":\"search_term_string\"}}],\"inLanguage\":\"en-US\"},{\"@type\":\"Organization\",\"@id\":\"https:\/\/competo-cp.de\/#organization\",\"name\":\"Competo Capital Partners\",\"url\":\"https:\/\/competo-cp.de\/\",\"logo\":{\"@type\":\"ImageObject\",\"inLanguage\":\"en-US\",\"@id\":\"https:\/\/competo-cp.de\/#\/schema\/logo\/image\/\",\"url\":\"https:\/\/competo-cp.de\/wp-content\/uploads\/2024\/04\/20240405_COM_001_LOGO_COMPETO-CP_BLACK_1.0.svg\",\"contentUrl\":\"https:\/\/competo-cp.de\/wp-content\/uploads\/2024\/04\/20240405_COM_001_LOGO_COMPETO-CP_BLACK_1.0.svg\",\"width\":978,\"height\":280,\"caption\":\"Competo Capital Partners\"},\"image\":{\"@id\":\"https:\/\/competo-cp.de\/#\/schema\/logo\/image\/\"},\"sameAs\":[\"https:\/\/de.linkedin.com\/company\/competo-capital-partners-gmbh\",\"https:\/\/www.instagram.com\/competo_capital_partners\/\"]}]}<\/script>\n<!-- \/ Yoast SEO plugin. -->","yoast_head_json":{"title":"Project development capital - Competo Capital Partners","robots":{"index":"index","follow":"follow","max-snippet":"max-snippet:-1","max-image-preview":"max-image-preview:large","max-video-preview":"max-video-preview:-1"},"canonical":"https:\/\/competo-cp.de\/en\/capital-for-development\/","og_locale":"en_US","og_type":"article","og_title":"Project development capital - Competo Capital Partners","og_description":"[vc_row section_type=&#8221;fullwidth&#8221; height_ratio=&#8221;70&#8243; padding_top_multiplier=&#8221;&#8221; padding_bottom_multiplier=&#8221;&#8221; rc_heading_color=&#8221;white&#8221; columns_gap=&#8221;30&#8243; section_id=&#8221;unternehmen&#8221;][vc_column vertical_content_position=&#8221;bottom&#8221; full_height=&#8221;yes&#8221; rc_bg_type=&#8221;image&#8221; rc_bg_image=&#8221;165&#8243; rc_bg_color_overlay=&#8221;black&#8221; rc_bg_opacity_overlay=&#8221;20&#8243; grve_css=&#8221;{&#8220;desktop&#8220;:{&#8220;padding-right&#8220;:&#8220;30px&#8220;,&#8220;padding-bottom&#8220;:&#8220;30px&#8220;,&#8220;padding-left&#8220;:&#8220;30px&#8220;,&#8220;class&#8220;:&#8220;grve-wpb-1713782068511&#8220;},&#8220;mobile_landscape&#8220;:{&#8220;padding-right&#8220;:&#8220;15px&#8220;,&#8220;padding-left&#8220;:&#8220;15px&#8220;}}&#8221;][\/vc_column][\/vc_row][vc_section][vc_row section_type=&#8221;fullwidth&#8221; padding_top_multiplier=&#8221;3x&#8221; padding_bottom_multiplier=&#8221;3x&#8221; columns_gap=&#8221;60&#8243; scroll_section_title=&#8221;Project development capital&#8221;][vc_column width=&#8221;1\/2&#8243; content_width=&#8221;80&#8243; mobile_content_width=&#8221;100&#8243;][\/vc_column][vc_column width=&#8221;1\/2&#8243;][vc_column_text css=&#8221;&#8221;]With a total investment volume of over 2 billion euros, we are involved in an average of approximately 20 to 25 ongoing project developments. Since our founding in 2007, [&hellip;]","og_url":"https:\/\/competo-cp.de\/en\/capital-for-development\/","og_site_name":"Competo Capital Partners","article_modified_time":"2025-10-17T08:12:55+00:00","twitter_card":"summary_large_image","twitter_misc":{"Est. reading time":"3 minutes"},"schema":{"@context":"https:\/\/schema.org","@graph":[{"@type":"WebPage","@id":"https:\/\/competo-cp.de\/en\/capital-for-development\/","url":"https:\/\/competo-cp.de\/en\/capital-for-development\/","name":"Project development capital - Competo Capital Partners","isPartOf":{"@id":"https:\/\/competo-cp.de\/#website"},"datePublished":"2024-04-12T10:15:29+00:00","dateModified":"2025-10-17T08:12:55+00:00","breadcrumb":{"@id":"https:\/\/competo-cp.de\/en\/capital-for-development\/#breadcrumb"},"inLanguage":"en-US","potentialAction":[{"@type":"ReadAction","target":["https:\/\/competo-cp.de\/en\/capital-for-development\/"]}]},{"@type":"BreadcrumbList","@id":"https:\/\/competo-cp.de\/en\/capital-for-development\/#breadcrumb","itemListElement":[{"@type":"ListItem","position":1,"name":"Home","item":"https:\/\/competo-cp.de\/en\/"},{"@type":"ListItem","position":2,"name":"Project development capital"}]},{"@type":"WebSite","@id":"https:\/\/competo-cp.de\/#website","url":"https:\/\/competo-cp.de\/","name":"Competo Capital Partners","description":"","publisher":{"@id":"https:\/\/competo-cp.de\/#organization"},"potentialAction":[{"@type":"SearchAction","target":{"@type":"EntryPoint","urlTemplate":"https:\/\/competo-cp.de\/?s={search_term_string}"},"query-input":{"@type":"PropertyValueSpecification","valueRequired":true,"valueName":"search_term_string"}}],"inLanguage":"en-US"},{"@type":"Organization","@id":"https:\/\/competo-cp.de\/#organization","name":"Competo Capital Partners","url":"https:\/\/competo-cp.de\/","logo":{"@type":"ImageObject","inLanguage":"en-US","@id":"https:\/\/competo-cp.de\/#\/schema\/logo\/image\/","url":"https:\/\/competo-cp.de\/wp-content\/uploads\/2024\/04\/20240405_COM_001_LOGO_COMPETO-CP_BLACK_1.0.svg","contentUrl":"https:\/\/competo-cp.de\/wp-content\/uploads\/2024\/04\/20240405_COM_001_LOGO_COMPETO-CP_BLACK_1.0.svg","width":978,"height":280,"caption":"Competo Capital Partners"},"image":{"@id":"https:\/\/competo-cp.de\/#\/schema\/logo\/image\/"},"sameAs":["https:\/\/de.linkedin.com\/company\/competo-capital-partners-gmbh","https:\/\/www.instagram.com\/competo_capital_partners\/"]}]}},"_links":{"self":[{"href":"https:\/\/competo-cp.de\/en\/wp-json\/wp\/v2\/pages\/1795","targetHints":{"allow":["GET"]}}],"collection":[{"href":"https:\/\/competo-cp.de\/en\/wp-json\/wp\/v2\/pages"}],"about":[{"href":"https:\/\/competo-cp.de\/en\/wp-json\/wp\/v2\/types\/page"}],"author":[{"embeddable":true,"href":"https:\/\/competo-cp.de\/en\/wp-json\/wp\/v2\/users\/2"}],"replies":[{"embeddable":true,"href":"https:\/\/competo-cp.de\/en\/wp-json\/wp\/v2\/comments?post=1795"}],"version-history":[{"count":22,"href":"https:\/\/competo-cp.de\/en\/wp-json\/wp\/v2\/pages\/1795\/revisions"}],"predecessor-version":[{"id":2421,"href":"https:\/\/competo-cp.de\/en\/wp-json\/wp\/v2\/pages\/1795\/revisions\/2421"}],"wp:attachment":[{"href":"https:\/\/competo-cp.de\/en\/wp-json\/wp\/v2\/media?parent=1795"}],"curies":[{"name":"wp","href":"https:\/\/api.w.org\/{rel}","templated":true}]}}