{"id":1827,"date":"2024-04-22T11:03:41","date_gmt":"2024-04-22T09:03:41","guid":{"rendered":"https:\/\/competo-cp.de\/career\/"},"modified":"2026-04-02T17:25:51","modified_gmt":"2026-04-02T15:25:51","slug":"career","status":"publish","type":"page","link":"https:\/\/competo-cp.de\/en\/career\/","title":{"rendered":"Career"},"content":{"rendered":"<div class=\"wpb-content-wrapper\"><p>[vc_row section_type=&#8221;fullwidth&#8221; height_ratio=&#8221;70&#8243; padding_top_multiplier=&#8221;&#8221; padding_bottom_multiplier=&#8221;&#8221; rc_heading_color=&#8221;white&#8221; columns_gap=&#8221;30&#8243;][vc_column vertical_content_position=&#8221;bottom&#8221; full_height=&#8221;yes&#8221; rc_bg_type=&#8221;image&#8221; rc_bg_image=&#8221;2412&#8243; rc_bg_color_overlay=&#8221;black&#8221; rc_bg_opacity_overlay=&#8221;20&#8243; grve_css=&#8221;{&#8220;desktop&#8220;:{&#8220;padding-right&#8220;:&#8220;30px&#8220;,&#8220;padding-bottom&#8220;:&#8220;30px&#8220;,&#8220;padding-left&#8220;:&#8220;30px&#8220;,&#8220;class&#8220;:&#8220;grve-wpb-1760689143686&#8220;},&#8220;mobile_landscape&#8220;:{&#8220;padding-right&#8220;:&#8220;15px&#8220;,&#8220;padding-left&#8220;:&#8220;15px&#8220;}}&#8221;]<h1 class=\"grve-element grve-title grve-align-inherit grve-h1 competo-headline primary-1\"><span>Explore career opportunities with us!<\/span><\/h1>[\/vc_column][\/vc_row][vc_row section_type=&#8221;fullwidth&#8221; padding_top_multiplier=&#8221;3x&#8221; padding_bottom_multiplier=&#8221;3x&#8221; columns_gap=&#8221;60&#8243;][vc_column width=&#8221;1\/2&#8243; content_width=&#8221;70&#8243;]<h3 class=\"grve-element grve-title grve-align-inherit grve-h3\"><span>Shape the future of real estate<\/span><\/h3>[vc_column_text css=&#8221;&#8221; text_style=&#8221;leader-text&#8221;]Interested in a career at Competo Capital Partners? Apply via e-mail by sending us a CV and motivation letter to <a href=\"mailto:personal@competo-cp.de\">personal@competo-cp.de<\/a>[\/vc_column_text][\/vc_column][vc_column width=&#8221;1\/2&#8243;][vc_column_text css=&#8221;&#8221;]At Competo Capital Partners, you can expect exciting responsibilities, a strong team, and long-term prospects. We are an owner-managed, independent company with an investment volume of nearly five billion euros, specializing in tailored real estate investments.<\/p>\n<p>Our philosophy: long-term partnerships, entrepreneurial thinking, and team spirit. This applies not only to our investors, but also to our team.<\/p>\n<p><strong>Who we are looking for<\/strong><br \/>\nWe are seeking committed, entrepreneurial-minded individuals with a passion for real estate, investments, and asset management. Whether experienced professionals, motivated graduates, or young talents in training \u2013 with us, your potential is what counts.[\/vc_column_text][\/vc_column][\/vc_row][vc_row section_type=&#8221;fullwidth&#8221; padding_top_multiplier=&#8221;3x&#8221; rc_bg_type=&#8221;color&#8221; columns_gap=&#8221;60&#8243; rc_bg_color=&#8221;#ed540c&#8221; rc_font_color=&#8221;#ffffff&#8221;][vc_column width=&#8221;1\/2&#8243; content_width=&#8221;70&#8243;][vc_column_text css=&#8221;&#8221; text_style=&#8221;leader-text&#8221;]How we excel as an employer[\/vc_column_text][\/vc_column][vc_column width=&#8221;1\/2&#8243;][\/vc_column][\/vc_row][vc_row section_type=&#8221;fullwidth&#8221; rc_heading_color=&#8221;white&#8221; rc_bg_type=&#8221;color&#8221; columns_gap=&#8221;60&#8243; rc_bg_color=&#8221;#ed540c&#8221; rc_font_color=&#8221;#ffffff&#8221;][vc_column width=&#8221;1\/4&#8243;]<div class=\"grve-element grve-box-icon grve-small grve-top-icon grve-align-left\"><div class=\"grve-wrapper-icon\" style=\"\"><div id=\"grve-svg-69d6890267eb7\" data-file=\"https:\/\/competo-cp.de\/wp-content\/uploads\/2025\/09\/Responsibility.svg\" class=\"grve-box-icon grve-custom-svg-icon grve-text-white\"><\/div><\/div><div class=\"grve-box-content\"><h5 class=\"grve-box-title grve-body-text\">Responsibility from day one<\/h5><\/div><\/div>[\/vc_column][vc_column width=&#8221;1\/4&#8243;]<div class=\"grve-element grve-box-icon grve-small grve-top-icon grve-align-left\"><div class=\"grve-wrapper-icon\" style=\"\"><div id=\"grve-svg-69d689026b823\" data-file=\"https:\/\/competo-cp.de\/wp-content\/uploads\/2025\/09\/Growth.svg\" class=\"grve-box-icon grve-custom-svg-icon grve-text-white\"><\/div><\/div><div class=\"grve-box-content\"><h5 class=\"grve-box-title grve-body-text\">Personal growth opportunities<\/h5><\/div><\/div>[\/vc_column][vc_column width=&#8221;1\/4&#8243;]<div class=\"grve-element grve-box-icon grve-small grve-top-icon grve-align-left\"><div class=\"grve-wrapper-icon\" style=\"\"><div id=\"grve-svg-69d689026c7a6\" data-file=\"https:\/\/competo-cp.de\/wp-content\/uploads\/2025\/09\/Efficiency.svg\" class=\"grve-box-icon grve-custom-svg-icon grve-text-white\"><\/div><\/div><div class=\"grve-box-content\"><h5 class=\"grve-box-title grve-body-text\">Streamlined decision-making<\/h5><p class=\"\"><br \/>\n<\/p><\/div><\/div>[\/vc_column][vc_column width=&#8221;1\/4&#8243;]<div class=\"grve-element grve-box-icon grve-small grve-top-icon grve-align-left\"><div class=\"grve-wrapper-icon\" style=\"\"><div id=\"grve-svg-69d689026d278\" data-file=\"https:\/\/competo-cp.de\/wp-content\/uploads\/2025\/09\/Teamwork.svg\" class=\"grve-box-icon grve-custom-svg-icon grve-text-white\"><\/div><\/div><div class=\"grve-box-content\"><h5 class=\"grve-box-title grve-body-text\">A strong team &amp; shared experiences<\/h5><\/div><\/div>[\/vc_column][\/vc_row][vc_row section_type=&#8221;fullwidth&#8221; rc_heading_color=&#8221;white&#8221; rc_bg_type=&#8221;color&#8221; columns_gap=&#8221;60&#8243; rc_font_color=&#8221;#ffffff&#8221; rc_bg_color=&#8221;#ed540c&#8221;][vc_column width=&#8221;1\/4&#8243;]<div class=\"grve-element grve-box-icon grve-small grve-top-icon grve-align-left\"><div class=\"grve-wrapper-icon\" style=\"\"><div id=\"grve-svg-69d689026e501\" data-file=\"https:\/\/competo-cp.de\/wp-content\/uploads\/2025\/09\/Flexibility-white.svg\" class=\"grve-box-icon grve-custom-svg-icon grve-text-white\"><\/div><\/div><div class=\"grve-box-content\"><h5 class=\"grve-box-title grve-body-text\">Flexible working hours &amp; clear overtime rules<\/h5><\/div><\/div>[\/vc_column][vc_column width=&#8221;1\/4&#8243;]<div class=\"grve-element grve-box-icon grve-small grve-top-icon grve-align-left\"><div class=\"grve-wrapper-icon\" style=\"\"><div id=\"grve-svg-69d6890275a41\" data-file=\"https:\/\/competo-cp.de\/wp-content\/uploads\/2025\/09\/Hours-white.svg\" class=\"grve-box-icon grve-custom-svg-icon grve-text-white\"><\/div><\/div><div class=\"grve-box-content\"><h5 class=\"grve-box-title grve-body-text\">36-hour workweek<\/h5><\/div><\/div>[\/vc_column][vc_column width=&#8221;1\/4&#8243;]<div class=\"grve-element grve-box-icon grve-small grve-top-icon grve-align-left\"><div class=\"grve-wrapper-icon\" style=\"\"><div id=\"grve-svg-69d68902887c0\" data-file=\"https:\/\/competo-cp.de\/wp-content\/uploads\/2025\/09\/Holidays-white.svg\" class=\"grve-box-icon grve-custom-svg-icon grve-text-white\"><\/div><\/div><div class=\"grve-box-content\"><h5 class=\"grve-box-title grve-body-text\">30 days paid leave<\/h5><\/div><\/div>[\/vc_column][vc_column width=&#8221;1\/4&#8243;]<div class=\"grve-element grve-box-icon grve-small grve-top-icon grve-align-left\"><div class=\"grve-wrapper-icon\" style=\"\"><div id=\"grve-svg-69d689028e501\" data-file=\"https:\/\/competo-cp.de\/wp-content\/uploads\/2025\/09\/Location-white.svg\" class=\"grve-box-icon grve-custom-svg-icon grve-text-white\"><\/div><\/div><div class=\"grve-box-content\"><h5 class=\"grve-box-title grve-body-text\">Prime city location at Stachus<\/h5><\/div><\/div>[\/vc_column][\/vc_row][vc_row section_type=&#8221;fullwidth&#8221; padding_bottom_multiplier=&#8221;3x&#8221; rc_heading_color=&#8221;white&#8221; rc_bg_type=&#8221;color&#8221; columns_gap=&#8221;60&#8243; rc_font_color=&#8221;#ffffff&#8221; rc_bg_color=&#8221;#ed540c&#8221;][vc_column width=&#8221;1\/4&#8243;]<div class=\"grve-element grve-box-icon grve-small grve-top-icon grve-align-left\"><div class=\"grve-wrapper-icon\" style=\"\"><div id=\"grve-svg-69d6890290478\" data-file=\"https:\/\/competo-cp.de\/wp-content\/uploads\/2025\/09\/Ticket-white.svg\" class=\"grve-box-icon grve-custom-svg-icon grve-text-white\"><\/div><\/div><div class=\"grve-box-content\"><h5 class=\"grve-box-title grve-body-text\">Complimentary Deutschlandticket \/ Job Ticket<\/h5><\/div><\/div>[\/vc_column][vc_column width=&#8221;1\/4&#8243;]<div class=\"grve-element grve-box-icon grve-small grve-top-icon grve-align-left\"><div class=\"grve-wrapper-icon\" style=\"\"><div id=\"grve-svg-69d6890292b77\" data-file=\"https:\/\/competo-cp.de\/wp-content\/uploads\/2025\/09\/Wellness-white.svg\" class=\"grve-box-icon grve-custom-svg-icon grve-text-white\"><\/div><\/div><div class=\"grve-box-content\"><h5 class=\"grve-box-title grve-body-text\">Access to a wellpass program<\/h5><\/div><\/div>[\/vc_column][vc_column width=&#8221;1\/4&#8243;]<div class=\"grve-element grve-box-icon grve-small grve-top-icon grve-align-left\"><div class=\"grve-wrapper-icon\" style=\"\"><div id=\"grve-svg-69d6890293395\" data-file=\"https:\/\/competo-cp.de\/wp-content\/uploads\/2025\/09\/Coffee-white.svg\" class=\"grve-box-icon grve-custom-svg-icon grve-text-white\"><\/div><\/div><div class=\"grve-box-content\"><h5 class=\"grve-box-title grve-body-text\">Fresh fruit &amp; barista-style coffee station<\/h5><\/div><\/div>[\/vc_column][vc_column width=&#8221;1\/4&#8243;][\/vc_column][\/vc_row][vc_row section_type=&#8221;fullwidth&#8221; padding_top_multiplier=&#8221;3x&#8221; padding_bottom_multiplier=&#8221;&#8221; columns_gap=&#8221;60&#8243;][vc_column width=&#8221;1\/2&#8243; content_width=&#8221;70&#8243;]<h3 class=\"grve-element grve-title grve-align-inherit grve-h3\"><span>Apprenticeships at Competo<\/span><\/h3><h5 class=\"grve-element grve-title grve-align-inherit grve-h5\"><span>We invest in the future \u2013 and in your career!<\/span><\/h5>[\/vc_column][vc_column width=&#8221;1\/2&#8243;][vc_column_text css=&#8221;&#8221;]We offer comprehensive training as a Real Estate Management Assistant (m\/f\/d), combining hands-on experience, individual support, and broad insights into the world of real estate investments.<\/p>\n<p>What makes our training unique:<\/p>\n<ul>\n<li>Practical exposure to all key areas of the company<\/li>\n<li>Individual guidance from experienced mentors<\/li>\n<li>Real career opportunities \u2013 with strong performance, we are happy to offer permanent employment<\/li>\n<\/ul>\n<p>[\/vc_column_text][\/vc_column][\/vc_row][vc_row section_type=&#8221;fullwidth&#8221; padding_top_multiplier=&#8221;2x&#8221; padding_bottom_multiplier=&#8221;3x&#8221; columns_gap=&#8221;60&#8243;][vc_column width=&#8221;1\/2&#8243;]<h3 class=\"grve-element grve-title grve-align-inherit grve-h3\"><span>Vacancies at Competo<\/span><\/h3>[\/vc_column][vc_column width=&#8221;1\/2&#8243;]<div data-display-style=\"pagination\" data-spinner=\"no\" data-columns-large-screen=\"1\" data-columns=\"1\" data-columns-tablet-landscape=\"1\" data-columns-tablet-portrait=\"1\" data-columns-mobile=\"1\" data-layout=\"fitRows\" data-animation=\"none\" class=\"grve-element grve-blog grve-blog-small grve-isotope grve-with-gap\" id=\"el-1775143158273-ad90663d-4afc\">\r\n\t<div class=\"grve-isotope-container\">\r\n\t\t<div class=\"grve-grid-sizer\"><\/div>\r\n\r\n\t<article class=\"post-1990 post type-post status-publish format-standard hentry category-job-openings grve-entry-item grve-blog-item\" itemscope itemType=\"http:\/\/schema.org\/BlogPosting\">\r\n\t\t<div class=\"grve-isotope-item-inner\">\r\n\t\t\t<div class=\"grve-post-item grve-small-style-1 grve-format-standard\">\r\n\t<div class=\"grve-post-item-inner\">\r\n\t\t\t\t\t\t\t\t\t<div class=\"grve-post-content\">\r\n\t\t\t<a href=\"https:\/\/competo-cp.de\/en\/consultant-bau-und-immobilienprojekte-m-w-d\/\" rel=\"bookmark\"><h3 class=\"grve-post-title grve-h4\" itemprop=\"headline\"><span>Consultant Bau- und Immobilienprojekte (m\/w\/d)<\/span><\/h3><\/a>\t\t\t\t\t\t<div class=\"grve-post-exerpt\" itemprop=\"articleBody\">\r\n\t\t\t\t<p>Zur Verst\u00e4rkung unseres Teams am Standort M\u00fcnchen suchen wir zum n\u00e4chstm\u00f6glichen Zeitpunkt einen Consultant Bau- und Immobilienprojekte (m\/w\/d) in Vollzeit (40 Std\/Woche).\n<\/p><a class=\"grve-read-more grve-link-text\" href=\"https:\/\/competo-cp.de\/en\/consultant-bau-und-immobilienprojekte-m-w-d\/\"><span>Weiterlesen<\/span>\t\t\t\t<svg width=\"40px\" height=\"16px\" viewBox=\"0 0 40 16\">\r\n\t\t\t\t\t<polygon class=\"grve-arrow-line\" points=\"0 7 38 7 38 9 0 9\"><\/polygon>\r\n\t\t\t\t\t<polygon class=\"grve-arrow-point\" points=\"31.3481912 0 40 8 31.3481912 16 30 14.5816219 37.1 8 30 1.41837809\"><\/polygon>\r\n\t\t\t\t<\/svg>\r\n\t\t\t<\/a>\t\t\t<\/div>\r\n\t\t<\/div>\r\n\t<\/div>\r\n\t\t\t<span class=\"grve-hidden\">\r\n\t\t\t<span class=\"grve-structured-data\" itemprop=\"image\" itemscope itemtype=\"http:\/\/schema.org\/ImageObject\">\r\n\t\t\t   <span itemprop='url' >https:\/\/competo-cp.de\/wp-content\/themes\/impeka\/images\/empty\/thumbnail.jpg<\/span>\r\n\t\t\t   <span itemprop='height' >150<\/span>\r\n\t\t\t   <span itemprop='width' >150<\/span>\r\n\t\t\t<\/span>\r\n\t\t\t\t\t\t<span class=\"grve-structured-data\" itemprop=\"author\" itemscope itemtype=\"http:\/\/schema.org\/Person\">\r\n\t\t\t\t<span itemprop=\"name\">Competo Capital Partners<\/span>\r\n\t\t\t<\/span>\r\n\t\t\t<span class=\"grve-structured-data\" itemprop=\"publisher\" itemscope itemtype=\"http:\/\/schema.org\/Organization\">\r\n\t\t\t\t<span itemprop='name'>Competo Capital Partners<\/span>\r\n\t\t\t\t<span itemprop='logo' itemscope itemtype='http:\/\/schema.org\/ImageObject'>\r\n\t\t\t\t\t<span itemprop='url'>https:\/\/competo-cp.de\/wp-content\/themes\/impeka\/images\/empty\/thumbnail.jpg<\/span>\r\n\t\t\t\t<\/span>\r\n\t\t\t<\/span>\r\n\t\t\t\t\t\t<time class=\"grve-structured-data\" itemprop=\"datePublished\" datetime=\"2024-08-09T11:53:18+02:00\">9. August 2024<\/time>\r\n\t\t\t<time class=\"grve-structured-data\" itemprop=\"dateModified\"  datetime=\"2026-04-02T17:17:48+02:00\">2. April 2026<\/time>\r\n\t\t\t<span class=\"grve-structured-data\" itemprop=\"mainEntityOfPage\" itemscope itemtype=\"http:\/\/schema.org\/WebPage\" itemid=\"https:\/\/competo-cp.de\/en\/consultant-bau-und-immobilienprojekte-m-w-d\/\"><\/span>\r\n\t\t<\/span>\r\n\t<\/div>\r\n\t\t<\/div>\r\n\t<\/article>\r\n\t\t<\/div>\r\n<\/div>\r\n[\/vc_column][\/vc_row]<\/p>\n<\/div>","protected":false},"excerpt":{"rendered":"<p>[vc_row section_type=&#8221;fullwidth&#8221; height_ratio=&#8221;70&#8243; padding_top_multiplier=&#8221;&#8221; padding_bottom_multiplier=&#8221;&#8221; rc_heading_color=&#8221;white&#8221; columns_gap=&#8221;30&#8243;][vc_column vertical_content_position=&#8221;bottom&#8221; full_height=&#8221;yes&#8221; rc_bg_type=&#8221;image&#8221; rc_bg_image=&#8221;2412&#8243; rc_bg_color_overlay=&#8221;black&#8221; rc_bg_opacity_overlay=&#8221;20&#8243; grve_css=&#8221;{&#8220;desktop&#8220;:{&#8220;padding-right&#8220;:&#8220;30px&#8220;,&#8220;padding-bottom&#8220;:&#8220;30px&#8220;,&#8220;padding-left&#8220;:&#8220;30px&#8220;,&#8220;class&#8220;:&#8220;grve-wpb-1760689143686&#8220;},&#8220;mobile_landscape&#8220;:{&#8220;padding-right&#8220;:&#8220;15px&#8220;,&#8220;padding-left&#8220;:&#8220;15px&#8220;}}&#8221;][\/vc_column][\/vc_row][vc_row section_type=&#8221;fullwidth&#8221; padding_top_multiplier=&#8221;3x&#8221; padding_bottom_multiplier=&#8221;3x&#8221; columns_gap=&#8221;60&#8243;][vc_column width=&#8221;1\/2&#8243; content_width=&#8221;70&#8243;][vc_column_text css=&#8221;&#8221; text_style=&#8221;leader-text&#8221;]Interested in a career at Competo Capital Partners? Apply via e-mail by sending us a CV and motivation letter to personal@competo-cp.de[\/vc_column_text][\/vc_column][vc_column width=&#8221;1\/2&#8243;][vc_column_text css=&#8221;&#8221;]At Competo Capital Partners, you can expect exciting responsibilities, a strong team, [&hellip;]<\/p>\n","protected":false},"author":2,"featured_media":0,"parent":0,"menu_order":0,"comment_status":"closed","ping_status":"closed","template":"","meta":{"footnotes":""},"class_list":["post-1827","page","type-page","status-publish","hentry","grve-entry-item"],"yoast_head":"<!-- This site is optimized with the Yoast SEO plugin v26.9 - https:\/\/yoast.com\/product\/yoast-seo-wordpress\/ -->\n<title>Career - Competo Capital Partners<\/title>\n<meta name=\"robots\" content=\"index, follow, max-snippet:-1, max-image-preview:large, max-video-preview:-1\" \/>\n<link rel=\"canonical\" href=\"https:\/\/competo-cp.de\/en\/career\/\" \/>\n<meta property=\"og:locale\" content=\"en_US\" \/>\n<meta property=\"og:type\" content=\"article\" \/>\n<meta property=\"og:title\" content=\"Career - Competo Capital Partners\" \/>\n<meta property=\"og:description\" content=\"[vc_row section_type=&#8221;fullwidth&#8221; height_ratio=&#8221;70&#8243; padding_top_multiplier=&#8221;&#8221; padding_bottom_multiplier=&#8221;&#8221; rc_heading_color=&#8221;white&#8221; columns_gap=&#8221;30&#8243;][vc_column vertical_content_position=&#8221;bottom&#8221; full_height=&#8221;yes&#8221; rc_bg_type=&#8221;image&#8221; rc_bg_image=&#8221;2412&#8243; rc_bg_color_overlay=&#8221;black&#8221; rc_bg_opacity_overlay=&#8221;20&#8243; grve_css=&#8221;{&#8220;desktop&#8220;:{&#8220;padding-right&#8220;:&#8220;30px&#8220;,&#8220;padding-bottom&#8220;:&#8220;30px&#8220;,&#8220;padding-left&#8220;:&#8220;30px&#8220;,&#8220;class&#8220;:&#8220;grve-wpb-1760689143686&#8220;},&#8220;mobile_landscape&#8220;:{&#8220;padding-right&#8220;:&#8220;15px&#8220;,&#8220;padding-left&#8220;:&#8220;15px&#8220;}}&#8221;][\/vc_column][\/vc_row][vc_row section_type=&#8221;fullwidth&#8221; padding_top_multiplier=&#8221;3x&#8221; padding_bottom_multiplier=&#8221;3x&#8221; columns_gap=&#8221;60&#8243;][vc_column width=&#8221;1\/2&#8243; content_width=&#8221;70&#8243;][vc_column_text css=&#8221;&#8221; text_style=&#8221;leader-text&#8221;]Interested in a career at Competo Capital Partners? Apply via e-mail by sending us a CV and motivation letter to personal@competo-cp.de[\/vc_column_text][\/vc_column][vc_column width=&#8221;1\/2&#8243;][vc_column_text css=&#8221;&#8221;]At Competo Capital Partners, you can expect exciting responsibilities, a strong team, [&hellip;]\" \/>\n<meta property=\"og:url\" content=\"https:\/\/competo-cp.de\/en\/career\/\" \/>\n<meta property=\"og:site_name\" content=\"Competo Capital Partners\" \/>\n<meta property=\"article:modified_time\" content=\"2026-04-02T15:25:51+00:00\" \/>\n<meta name=\"twitter:card\" content=\"summary_large_image\" \/>\n<meta name=\"twitter:label1\" content=\"Est. reading time\" \/>\n\t<meta name=\"twitter:data1\" content=\"5 minutes\" \/>\n<script type=\"application\/ld+json\" class=\"yoast-schema-graph\">{\"@context\":\"https:\/\/schema.org\",\"@graph\":[{\"@type\":\"WebPage\",\"@id\":\"https:\/\/competo-cp.de\/en\/career\/\",\"url\":\"https:\/\/competo-cp.de\/en\/career\/\",\"name\":\"Career - Competo Capital Partners\",\"isPartOf\":{\"@id\":\"https:\/\/competo-cp.de\/#website\"},\"datePublished\":\"2024-04-22T09:03:41+00:00\",\"dateModified\":\"2026-04-02T15:25:51+00:00\",\"breadcrumb\":{\"@id\":\"https:\/\/competo-cp.de\/en\/career\/#breadcrumb\"},\"inLanguage\":\"en-US\",\"potentialAction\":[{\"@type\":\"ReadAction\",\"target\":[\"https:\/\/competo-cp.de\/en\/career\/\"]}]},{\"@type\":\"BreadcrumbList\",\"@id\":\"https:\/\/competo-cp.de\/en\/career\/#breadcrumb\",\"itemListElement\":[{\"@type\":\"ListItem\",\"position\":1,\"name\":\"Home\",\"item\":\"https:\/\/competo-cp.de\/en\/\"},{\"@type\":\"ListItem\",\"position\":2,\"name\":\"Career\"}]},{\"@type\":\"WebSite\",\"@id\":\"https:\/\/competo-cp.de\/#website\",\"url\":\"https:\/\/competo-cp.de\/\",\"name\":\"Competo Capital Partners\",\"description\":\"\",\"publisher\":{\"@id\":\"https:\/\/competo-cp.de\/#organization\"},\"potentialAction\":[{\"@type\":\"SearchAction\",\"target\":{\"@type\":\"EntryPoint\",\"urlTemplate\":\"https:\/\/competo-cp.de\/?s={search_term_string}\"},\"query-input\":{\"@type\":\"PropertyValueSpecification\",\"valueRequired\":true,\"valueName\":\"search_term_string\"}}],\"inLanguage\":\"en-US\"},{\"@type\":\"Organization\",\"@id\":\"https:\/\/competo-cp.de\/#organization\",\"name\":\"Competo Capital Partners\",\"url\":\"https:\/\/competo-cp.de\/\",\"logo\":{\"@type\":\"ImageObject\",\"inLanguage\":\"en-US\",\"@id\":\"https:\/\/competo-cp.de\/#\/schema\/logo\/image\/\",\"url\":\"https:\/\/competo-cp.de\/wp-content\/uploads\/2024\/04\/20240405_COM_001_LOGO_COMPETO-CP_BLACK_1.0.svg\",\"contentUrl\":\"https:\/\/competo-cp.de\/wp-content\/uploads\/2024\/04\/20240405_COM_001_LOGO_COMPETO-CP_BLACK_1.0.svg\",\"width\":978,\"height\":280,\"caption\":\"Competo Capital Partners\"},\"image\":{\"@id\":\"https:\/\/competo-cp.de\/#\/schema\/logo\/image\/\"},\"sameAs\":[\"https:\/\/de.linkedin.com\/company\/competo-capital-partners-gmbh\",\"https:\/\/www.instagram.com\/competo_capital_partners\/\"]}]}<\/script>\n<!-- \/ Yoast SEO plugin. -->","yoast_head_json":{"title":"Career - Competo Capital Partners","robots":{"index":"index","follow":"follow","max-snippet":"max-snippet:-1","max-image-preview":"max-image-preview:large","max-video-preview":"max-video-preview:-1"},"canonical":"https:\/\/competo-cp.de\/en\/career\/","og_locale":"en_US","og_type":"article","og_title":"Career - Competo Capital Partners","og_description":"[vc_row section_type=&#8221;fullwidth&#8221; height_ratio=&#8221;70&#8243; padding_top_multiplier=&#8221;&#8221; padding_bottom_multiplier=&#8221;&#8221; rc_heading_color=&#8221;white&#8221; columns_gap=&#8221;30&#8243;][vc_column vertical_content_position=&#8221;bottom&#8221; full_height=&#8221;yes&#8221; rc_bg_type=&#8221;image&#8221; rc_bg_image=&#8221;2412&#8243; rc_bg_color_overlay=&#8221;black&#8221; rc_bg_opacity_overlay=&#8221;20&#8243; grve_css=&#8221;{&#8220;desktop&#8220;:{&#8220;padding-right&#8220;:&#8220;30px&#8220;,&#8220;padding-bottom&#8220;:&#8220;30px&#8220;,&#8220;padding-left&#8220;:&#8220;30px&#8220;,&#8220;class&#8220;:&#8220;grve-wpb-1760689143686&#8220;},&#8220;mobile_landscape&#8220;:{&#8220;padding-right&#8220;:&#8220;15px&#8220;,&#8220;padding-left&#8220;:&#8220;15px&#8220;}}&#8221;][\/vc_column][\/vc_row][vc_row section_type=&#8221;fullwidth&#8221; padding_top_multiplier=&#8221;3x&#8221; padding_bottom_multiplier=&#8221;3x&#8221; columns_gap=&#8221;60&#8243;][vc_column width=&#8221;1\/2&#8243; content_width=&#8221;70&#8243;][vc_column_text css=&#8221;&#8221; text_style=&#8221;leader-text&#8221;]Interested in a career at Competo Capital Partners? Apply via e-mail by sending us a CV and motivation letter to personal@competo-cp.de[\/vc_column_text][\/vc_column][vc_column width=&#8221;1\/2&#8243;][vc_column_text css=&#8221;&#8221;]At Competo Capital Partners, you can expect exciting responsibilities, a strong team, [&hellip;]","og_url":"https:\/\/competo-cp.de\/en\/career\/","og_site_name":"Competo Capital Partners","article_modified_time":"2026-04-02T15:25:51+00:00","twitter_card":"summary_large_image","twitter_misc":{"Est. reading time":"5 minutes"},"schema":{"@context":"https:\/\/schema.org","@graph":[{"@type":"WebPage","@id":"https:\/\/competo-cp.de\/en\/career\/","url":"https:\/\/competo-cp.de\/en\/career\/","name":"Career - Competo Capital Partners","isPartOf":{"@id":"https:\/\/competo-cp.de\/#website"},"datePublished":"2024-04-22T09:03:41+00:00","dateModified":"2026-04-02T15:25:51+00:00","breadcrumb":{"@id":"https:\/\/competo-cp.de\/en\/career\/#breadcrumb"},"inLanguage":"en-US","potentialAction":[{"@type":"ReadAction","target":["https:\/\/competo-cp.de\/en\/career\/"]}]},{"@type":"BreadcrumbList","@id":"https:\/\/competo-cp.de\/en\/career\/#breadcrumb","itemListElement":[{"@type":"ListItem","position":1,"name":"Home","item":"https:\/\/competo-cp.de\/en\/"},{"@type":"ListItem","position":2,"name":"Career"}]},{"@type":"WebSite","@id":"https:\/\/competo-cp.de\/#website","url":"https:\/\/competo-cp.de\/","name":"Competo Capital Partners","description":"","publisher":{"@id":"https:\/\/competo-cp.de\/#organization"},"potentialAction":[{"@type":"SearchAction","target":{"@type":"EntryPoint","urlTemplate":"https:\/\/competo-cp.de\/?s={search_term_string}"},"query-input":{"@type":"PropertyValueSpecification","valueRequired":true,"valueName":"search_term_string"}}],"inLanguage":"en-US"},{"@type":"Organization","@id":"https:\/\/competo-cp.de\/#organization","name":"Competo Capital Partners","url":"https:\/\/competo-cp.de\/","logo":{"@type":"ImageObject","inLanguage":"en-US","@id":"https:\/\/competo-cp.de\/#\/schema\/logo\/image\/","url":"https:\/\/competo-cp.de\/wp-content\/uploads\/2024\/04\/20240405_COM_001_LOGO_COMPETO-CP_BLACK_1.0.svg","contentUrl":"https:\/\/competo-cp.de\/wp-content\/uploads\/2024\/04\/20240405_COM_001_LOGO_COMPETO-CP_BLACK_1.0.svg","width":978,"height":280,"caption":"Competo Capital Partners"},"image":{"@id":"https:\/\/competo-cp.de\/#\/schema\/logo\/image\/"},"sameAs":["https:\/\/de.linkedin.com\/company\/competo-capital-partners-gmbh","https:\/\/www.instagram.com\/competo_capital_partners\/"]}]}},"_links":{"self":[{"href":"https:\/\/competo-cp.de\/en\/wp-json\/wp\/v2\/pages\/1827","targetHints":{"allow":["GET"]}}],"collection":[{"href":"https:\/\/competo-cp.de\/en\/wp-json\/wp\/v2\/pages"}],"about":[{"href":"https:\/\/competo-cp.de\/en\/wp-json\/wp\/v2\/types\/page"}],"author":[{"embeddable":true,"href":"https:\/\/competo-cp.de\/en\/wp-json\/wp\/v2\/users\/2"}],"replies":[{"embeddable":true,"href":"https:\/\/competo-cp.de\/en\/wp-json\/wp\/v2\/comments?post=1827"}],"version-history":[{"count":19,"href":"https:\/\/competo-cp.de\/en\/wp-json\/wp\/v2\/pages\/1827\/revisions"}],"predecessor-version":[{"id":2459,"href":"https:\/\/competo-cp.de\/en\/wp-json\/wp\/v2\/pages\/1827\/revisions\/2459"}],"wp:attachment":[{"href":"https:\/\/competo-cp.de\/en\/wp-json\/wp\/v2\/media?parent=1827"}],"curies":[{"name":"wp","href":"https:\/\/api.w.org\/{rel}","templated":true}]}}